{"id":448,"date":"2018-04-04T07:58:03","date_gmt":"2018-04-04T07:58:03","guid":{"rendered":"https:\/\/curly.qodeinteractive.com\/elementor\/?page_id=448"},"modified":"2024-01-29T16:36:27","modified_gmt":"2024-01-29T15:36:27","slug":"kontakt","status":"publish","type":"page","link":"https:\/\/hair-nails.erl.pw\/en\/kontakt\/","title":{"rendered":"Contact"},"content":{"rendered":"<div data-elementor-type=\"wp-page\" data-elementor-id=\"448\" class=\"elementor elementor-448\">\n\t\t\t\t\t\t<section class=\"elementor-section elementor-top-section elementor-element elementor-element-dfdf1b5 mkdf-elementor-row-grid-section elementor-section-boxed elementor-section-height-default elementor-section-height-default mkdf-parallax-row-no mkdf-content-aligment-left mkdf-disabled-bg-image-bellow-no\" data-id=\"dfdf1b5\" data-element_type=\"section\" data-settings=\"{&quot;background_background&quot;:&quot;classic&quot;}\">\n\t\t\t\t\t\t\t<div class=\"elementor-background-overlay\"><\/div>\n\t\t\t\t\t\t\t<div class=\"elementor-container elementor-column-gap-default\">\n\t\t\t\t\t<div class=\"elementor-column elementor-col-50 elementor-top-column elementor-element elementor-element-9be9d5e\" data-id=\"9be9d5e\" data-element_type=\"column\">\n\t\t\t<div class=\"elementor-widget-wrap elementor-element-populated\">\n\t\t\t\t\t\t<div class=\"elementor-element elementor-element-c556218 elementor-widget elementor-widget-google_maps\" data-id=\"c556218\" data-element_type=\"widget\" data-widget_type=\"google_maps.default\">\n\t\t\t\t<div class=\"elementor-widget-container\">\n\t\t\t<style>\/*! elementor - v3.20.0 - 26-03-2024 *\/\n.elementor-widget-google_maps .elementor-widget-container{overflow:hidden}.elementor-widget-google_maps .elementor-custom-embed{line-height:0}.elementor-widget-google_maps iframe{height:300px}<\/style>\t\t<div class=\"elementor-custom-embed\">\n\t\t\t<iframe loading=\"lazy\"\n\t\t\t\t\tsrc=\"https:\/\/maps.google.com\/maps?q=HAIR%20NAILS%2C%20Neubaugasse%206%2C%201070%20Wien&#038;t=m&#038;z=15&#038;output=embed&#038;iwloc=near\"\n\t\t\t\t\ttitle=\"HAIR NAILS, Neubaugasse 6, 1070 Wien\"\n\t\t\t\t\taria-label=\"HAIR NAILS, Neubaugasse 6, 1070 Wien\"\n\t\t\t><\/iframe>\n\t\t<\/div>\n\t\t\t\t<\/div>\n\t\t\t\t<\/div>\n\t\t\t\t\t<\/div>\n\t\t<\/div>\n\t\t\t\t<div class=\"elementor-column elementor-col-50 elementor-top-column elementor-element elementor-element-56518c2\" data-id=\"56518c2\" data-element_type=\"column\">\n\t\t\t<div class=\"elementor-widget-wrap elementor-element-populated\">\n\t\t\t\t\t\t<div class=\"elementor-element elementor-element-ddebd55 elementor-widget elementor-widget-text-editor\" data-id=\"ddebd55\" data-element_type=\"widget\" data-widget_type=\"text-editor.default\">\n\t\t\t\t<div class=\"elementor-widget-container\">\n\t\t\t<style>\/*! elementor - v3.20.0 - 26-03-2024 *\/\n.elementor-widget-text-editor.elementor-drop-cap-view-stacked .elementor-drop-cap{background-color:#69727d;color:#fff}.elementor-widget-text-editor.elementor-drop-cap-view-framed .elementor-drop-cap{color:#69727d;border:3px solid;background-color:transparent}.elementor-widget-text-editor:not(.elementor-drop-cap-view-default) .elementor-drop-cap{margin-top:8px}.elementor-widget-text-editor:not(.elementor-drop-cap-view-default) .elementor-drop-cap-letter{width:1em;height:1em}.elementor-widget-text-editor .elementor-drop-cap{float:left;text-align:center;line-height:1;font-size:50px}.elementor-widget-text-editor .elementor-drop-cap-letter{display:inline-block}<\/style>\t\t\t\t<h3>Find us<\/h3>\t\t\t\t\t\t<\/div>\n\t\t\t\t<\/div>\n\t\t\t\t<div class=\"elementor-element elementor-element-ce58427 elementor-widget elementor-widget-mkdf_icon_with_text\" data-id=\"ce58427\" data-element_type=\"widget\" data-widget_type=\"mkdf_icon_with_text.default\">\n\t\t\t\t<div class=\"elementor-widget-container\">\n\t\t\t<div class=\"mkdf-iwt clearfix  mkdf-iwt-icon-left mkdf-iwt-icon-small\">\n    <div class=\"mkdf-iwt-icon\">\n                                        <span class=\"mkdf-icon-shortcode mkdf-normal   mkdf-icon-small\"  data-hover-color=\"#919A79\" data-color=\"#000000\">\n                    <i class=\"mkdf-icon-font-awesome fa fa-map-marker mkdf-icon-element\" style=\"color: #000000;font-size:20px\" ><\/i>                <\/span>\n                                <\/div>\n    <div class=\"mkdf-iwt-content\" style=\"padding-left: 14px\">\n                    <p class=\"mkdf-iwt-text\" style=\"margin-top: 5px\">Neubaugasse 6, 1070 Wien<\/p>\n    <\/div>\n<\/div>\t\t<\/div>\n\t\t\t\t<\/div>\n\t\t\t\t<div class=\"elementor-element elementor-element-07222d7 elementor-widget elementor-widget-mkdf_icon_with_text\" data-id=\"07222d7\" data-element_type=\"widget\" data-widget_type=\"mkdf_icon_with_text.default\">\n\t\t\t\t<div class=\"elementor-widget-container\">\n\t\t\t<div class=\"mkdf-iwt clearfix  mkdf-iwt-icon-left mkdf-iwt-icon-small\">\n    <div class=\"mkdf-iwt-icon\">\n                <a itemprop=\"url\" href=\"mailto:office@hair-nails.at\" target=\"_blank\">\n                                            <span class=\"mkdf-icon-shortcode mkdf-normal   mkdf-icon-small\"  data-hover-color=\"#919A79\" data-color=\"#000000\">\n                    <i class=\"mkdf-icon-font-awesome fa fa-envelope mkdf-icon-element\" style=\"color: #000000;font-size:20px\" ><\/i>                <\/span>\n                                    <\/a>\n        <\/div>\n    <div class=\"mkdf-iwt-content\" style=\"padding-left: 14px\">\n                    <p class=\"mkdf-iwt-text\" style=\"margin-top: 5px\">office@hair-nails.at<\/p>\n    <\/div>\n<\/div>\t\t<\/div>\n\t\t\t\t<\/div>\n\t\t\t\t<div class=\"elementor-element elementor-element-c3efd18 elementor-widget elementor-widget-mkdf_icon_with_text\" data-id=\"c3efd18\" data-element_type=\"widget\" data-widget_type=\"mkdf_icon_with_text.default\">\n\t\t\t\t<div class=\"elementor-widget-container\">\n\t\t\t<div class=\"mkdf-iwt clearfix  mkdf-iwt-icon-left mkdf-iwt-icon-small\">\n    <div class=\"mkdf-iwt-icon\">\n                <a itemprop=\"url\" href=\"tel:004315243790\" target=\"_self\">\n                                            <span class=\"mkdf-icon-shortcode mkdf-normal   mkdf-icon-small\"  data-hover-color=\"#919A79\" data-color=\"#000000\">\n                    <i class=\"mkdf-icon-font-awesome fa fa-phone mkdf-icon-element\" style=\"color: #000000;font-size:20px\" ><\/i>                <\/span>\n                                    <\/a>\n        <\/div>\n    <div class=\"mkdf-iwt-content\" style=\"padding-left: 14px\">\n                    <p class=\"mkdf-iwt-text\" style=\"margin-top: 5px\">+43 1 524 37 90<\/p>\n    <\/div>\n<\/div>\t\t<\/div>\n\t\t\t\t<\/div>\n\t\t\t\t\t<\/div>\n\t\t<\/div>\n\t\t\t\t\t<\/div>\n\t\t<\/section>\n\t\t<div class=\"elementor-element elementor-element-638ef6b e-flex e-con-boxed e-con e-parent\" data-id=\"638ef6b\" data-element_type=\"container\" data-settings=\"{&quot;background_background&quot;:&quot;classic&quot;}\" data-e-bg-lazyload=\"\" data-core-v316-plus=\"true\">\n\t\t\t\t\t<div class=\"e-con-inner\">\n\t\t\t\t<div class=\"elementor-element elementor-element-1047b0e elementor-widget elementor-widget-heading\" data-id=\"1047b0e\" data-element_type=\"widget\" data-widget_type=\"heading.default\">\n\t\t\t\t<div class=\"elementor-widget-container\">\n\t\t\t<style>\/*! elementor - v3.20.0 - 26-03-2024 *\/\n.elementor-heading-title{padding:0;margin:0;line-height:1}.elementor-widget-heading .elementor-heading-title[class*=elementor-size-]>a{color:inherit;font-size:inherit;line-height:inherit}.elementor-widget-heading .elementor-heading-title.elementor-size-small{font-size:15px}.elementor-widget-heading .elementor-heading-title.elementor-size-medium{font-size:19px}.elementor-widget-heading .elementor-heading-title.elementor-size-large{font-size:29px}.elementor-widget-heading .elementor-heading-title.elementor-size-xl{font-size:39px}.elementor-widget-heading .elementor-heading-title.elementor-size-xxl{font-size:59px}<\/style><h2 class=\"elementor-heading-title elementor-size-default\">Reserve your spot today!<\/h2>\t\t<\/div>\n\t\t\t\t<\/div>\n\t\t\t\t<div class=\"elementor-element elementor-element-24abb55 elementor-widget elementor-widget-text-editor\" data-id=\"24abb55\" data-element_type=\"widget\" data-widget_type=\"text-editor.default\">\n\t\t\t\t<div class=\"elementor-widget-container\">\n\t\t\t\t\t\t\t<p>In this exclusive salon, you have the opportunity to harmoniously combine hair and nail appointments. By the way, the charming standing caf\u00e9 next door is part of the barbershop. Here you can treat yourself to a coffee in the Viennese atmosphere while you wait for your balayage treatment. So why not book a balayage appointment and leave the salon not only perfectly styled, but also perfectly manicured? The Neubaugasse U3 station is only 2 minutes away, and the Zieglergasse U3 station is 6 minutes away. The Westbahnhof is a little further, but by no means unreasonable. It's best to experience it yourself - just come along and see for yourself.<\/p>\t\t\t\t\t\t<\/div>\n\t\t\t\t<\/div>\n\t\t\t\t<div class=\"elementor-element elementor-element-6406377 elementor-widget elementor-widget-button\" data-id=\"6406377\" data-element_type=\"widget\" data-widget_type=\"button.default\">\n\t\t\t\t<div class=\"elementor-widget-container\">\n\t\t\t\t\t<div class=\"elementor-button-wrapper\">\n\t\t\t<a class=\"elementor-button elementor-button-link elementor-size-lg\" href=\"https:\/\/www.google.com\/maps\/reserve\/v\/default?m=KMeCFyuYHJg\" target=\"_blank\" rel=\"nofollow\">\n\t\t\t\t\t\t<span class=\"elementor-button-content-wrapper\">\n\t\t\t\t\t\t<span class=\"elementor-button-text\">BOOK AN APPOINTMENT<\/span>\n\t\t<\/span>\n\t\t\t\t\t<\/a>\n\t\t<\/div>\n\t\t\t\t<\/div>\n\t\t\t\t<\/div>\n\t\t\t\t\t<\/div>\n\t\t\t\t<\/div>\n\t\t\t\t<\/div>","protected":false},"excerpt":{"rendered":"<p>finde uns Neubaugasse 6, 1070 Wien office@hair-nails.at +43 1 524 37 90 Reservieren Sie Ihren Platz heute! In diesem exklusiven Salon haben Sie die M\u00f6glichkeit, Haar- und Nageltermine harmonisch zu kombinieren. \u00dcbrigens, das charmante Stehcaf\u00e9 nebenan ist Teil des Friseurladens. [&hellip;]<\/p>","protected":false},"author":1,"featured_media":8218,"parent":0,"menu_order":0,"comment_status":"closed","ping_status":"closed","template":"elementor_header_footer","meta":{"footnotes":""},"class_list":["post-448","page","type-page","status-publish","has-post-thumbnail","hentry"],"yoast_head":"<!-- This site is optimized with the Yoast SEO plugin v22.3 - https:\/\/yoast.com\/wordpress\/plugins\/seo\/ -->\n<title>Kontakt &#8211; HAIR NAILS &#8211; Kontakt - Finde uns - Resevieren<\/title>\n<meta name=\"description\" content=\"Besuchen Sie HAIR NAILS f\u00fcr ein exklusives Sch\u00f6nheitserlebnis \u2013 Ihr Friseursalon und Nagelstudio in Wien. Kontakt - Finde uns - Resevieren\" \/>\n<meta name=\"robots\" content=\"index, follow, max-snippet:-1, max-image-preview:large, max-video-preview:-1\" \/>\n<link rel=\"canonical\" href=\"https:\/\/hair-nails.erl.pw\/en\/kontakt\/\" \/>\n<meta property=\"og:locale\" content=\"en_GB\" \/>\n<meta property=\"og:type\" content=\"article\" \/>\n<meta property=\"og:title\" content=\"Kontakt &#8211; HAIR NAILS &#8211; Kontakt - Finde uns - Resevieren\" \/>\n<meta property=\"og:description\" content=\"Besuchen Sie HAIR NAILS f\u00fcr ein exklusives Sch\u00f6nheitserlebnis \u2013 Ihr Friseursalon und Nagelstudio in Wien. Kontakt - Finde uns - Resevieren\" \/>\n<meta property=\"og:url\" content=\"https:\/\/hair-nails.erl.pw\/en\/kontakt\/\" \/>\n<meta property=\"og:site_name\" content=\"HAIR NAILS\" \/>\n<meta property=\"article:modified_time\" content=\"2024-01-29T15:36:27+00:00\" \/>\n<meta property=\"og:image\" content=\"https:\/\/hair-nails.erl.pw\/wp-content\/uploads\/2023\/11\/Kontakt.png\" \/>\n\t<meta property=\"og:image:width\" content=\"994\" \/>\n\t<meta property=\"og:image:height\" content=\"612\" \/>\n\t<meta property=\"og:image:type\" content=\"image\/png\" \/>\n<meta name=\"twitter:card\" content=\"summary_large_image\" \/>\n<meta name=\"twitter:label1\" content=\"Estimated reading time\" \/>\n\t<meta name=\"twitter:data1\" content=\"1 minute\" \/>\n<script type=\"application\/ld+json\" class=\"yoast-schema-graph\">{\"@context\":\"https:\/\/schema.org\",\"@graph\":[{\"@type\":\"WebPage\",\"@id\":\"https:\/\/hair-nails.erl.pw\/kontakt\/\",\"url\":\"https:\/\/hair-nails.erl.pw\/kontakt\/\",\"name\":\"Kontakt &#8211; HAIR NAILS &#8211; Kontakt - Finde uns - Resevieren\",\"isPartOf\":{\"@id\":\"https:\/\/hair-nails.erl.pw\/#website\"},\"primaryImageOfPage\":{\"@id\":\"https:\/\/hair-nails.erl.pw\/kontakt\/#primaryimage\"},\"image\":{\"@id\":\"https:\/\/hair-nails.erl.pw\/kontakt\/#primaryimage\"},\"thumbnailUrl\":\"https:\/\/hair-nails.erl.pw\/wp-content\/uploads\/2023\/11\/Kontakt.png\",\"datePublished\":\"2018-04-04T07:58:03+00:00\",\"dateModified\":\"2024-01-29T15:36:27+00:00\",\"description\":\"Besuchen Sie HAIR NAILS f\u00fcr ein exklusives Sch\u00f6nheitserlebnis \u2013 Ihr Friseursalon und Nagelstudio in Wien. Kontakt - Finde uns - Resevieren\",\"breadcrumb\":{\"@id\":\"https:\/\/hair-nails.erl.pw\/kontakt\/#breadcrumb\"},\"inLanguage\":\"en-GB\",\"potentialAction\":[{\"@type\":\"ReadAction\",\"target\":[\"https:\/\/hair-nails.erl.pw\/kontakt\/\"]}]},{\"@type\":\"ImageObject\",\"inLanguage\":\"en-GB\",\"@id\":\"https:\/\/hair-nails.erl.pw\/kontakt\/#primaryimage\",\"url\":\"https:\/\/hair-nails.erl.pw\/wp-content\/uploads\/2023\/11\/Kontakt.png\",\"contentUrl\":\"https:\/\/hair-nails.erl.pw\/wp-content\/uploads\/2023\/11\/Kontakt.png\",\"width\":994,\"height\":612,\"caption\":\"Map\"},{\"@type\":\"BreadcrumbList\",\"@id\":\"https:\/\/hair-nails.erl.pw\/kontakt\/#breadcrumb\",\"itemListElement\":[{\"@type\":\"ListItem\",\"position\":1,\"name\":\"Home\",\"item\":\"https:\/\/hair-nails.erl.pw\/\"},{\"@type\":\"ListItem\",\"position\":2,\"name\":\"Kontakt\"}]},{\"@type\":\"WebSite\",\"@id\":\"https:\/\/hair-nails.erl.pw\/#website\",\"url\":\"https:\/\/hair-nails.erl.pw\/\",\"name\":\"HAIR NAILS\",\"description\":\"Beauty, cosmetic &amp; personal care\",\"publisher\":{\"@id\":\"https:\/\/hair-nails.erl.pw\/#organization\"},\"potentialAction\":[{\"@type\":\"SearchAction\",\"target\":{\"@type\":\"EntryPoint\",\"urlTemplate\":\"https:\/\/hair-nails.erl.pw\/?s={search_term_string}\"},\"query-input\":\"required name=search_term_string\"}],\"inLanguage\":\"en-GB\"},{\"@type\":\"Organization\",\"@id\":\"https:\/\/hair-nails.erl.pw\/#organization\",\"name\":\"HAIR NAILS\",\"url\":\"https:\/\/hair-nails.erl.pw\/\",\"logo\":{\"@type\":\"ImageObject\",\"inLanguage\":\"en-GB\",\"@id\":\"https:\/\/hair-nails.erl.pw\/#\/schema\/logo\/image\/\",\"url\":\"https:\/\/hair-nails.erl.pw\/wp-content\/uploads\/2023\/10\/Hair-Nails-Logo.jpeg\",\"contentUrl\":\"https:\/\/hair-nails.erl.pw\/wp-content\/uploads\/2023\/10\/Hair-Nails-Logo.jpeg\",\"width\":425,\"height\":142,\"caption\":\"HAIR NAILS\"},\"image\":{\"@id\":\"https:\/\/hair-nails.erl.pw\/#\/schema\/logo\/image\/\"},\"sameAs\":[\"https:\/\/www.instagram.com\/hairnails_wien\"]}]}<\/script>\n<!-- \/ Yoast SEO plugin. -->","yoast_head_json":{"title":"Kontakt &#8211; HAIR NAILS &#8211; Kontakt - Finde uns - Resevieren","description":"Besuchen Sie HAIR NAILS f\u00fcr ein exklusives Sch\u00f6nheitserlebnis \u2013 Ihr Friseursalon und Nagelstudio in Wien. Kontakt - Finde uns - Resevieren","robots":{"index":"index","follow":"follow","max-snippet":"max-snippet:-1","max-image-preview":"max-image-preview:large","max-video-preview":"max-video-preview:-1"},"canonical":"https:\/\/hair-nails.erl.pw\/en\/kontakt\/","og_locale":"en_GB","og_type":"article","og_title":"Kontakt &#8211; HAIR NAILS &#8211; Kontakt - Finde uns - Resevieren","og_description":"Besuchen Sie HAIR NAILS f\u00fcr ein exklusives Sch\u00f6nheitserlebnis \u2013 Ihr Friseursalon und Nagelstudio in Wien. Kontakt - Finde uns - Resevieren","og_url":"https:\/\/hair-nails.erl.pw\/en\/kontakt\/","og_site_name":"HAIR NAILS","article_modified_time":"2024-01-29T15:36:27+00:00","og_image":[{"width":994,"height":612,"url":"https:\/\/hair-nails.erl.pw\/wp-content\/uploads\/2023\/11\/Kontakt.png","type":"image\/png"}],"twitter_card":"summary_large_image","twitter_misc":{"Estimated reading time":"1 minute"},"schema":{"@context":"https:\/\/schema.org","@graph":[{"@type":"WebPage","@id":"https:\/\/hair-nails.erl.pw\/kontakt\/","url":"https:\/\/hair-nails.erl.pw\/kontakt\/","name":"Kontakt &#8211; HAIR NAILS &#8211; Kontakt - Finde uns - Resevieren","isPartOf":{"@id":"https:\/\/hair-nails.erl.pw\/#website"},"primaryImageOfPage":{"@id":"https:\/\/hair-nails.erl.pw\/kontakt\/#primaryimage"},"image":{"@id":"https:\/\/hair-nails.erl.pw\/kontakt\/#primaryimage"},"thumbnailUrl":"https:\/\/hair-nails.erl.pw\/wp-content\/uploads\/2023\/11\/Kontakt.png","datePublished":"2018-04-04T07:58:03+00:00","dateModified":"2024-01-29T15:36:27+00:00","description":"Besuchen Sie HAIR NAILS f\u00fcr ein exklusives Sch\u00f6nheitserlebnis \u2013 Ihr Friseursalon und Nagelstudio in Wien. Kontakt - Finde uns - Resevieren","breadcrumb":{"@id":"https:\/\/hair-nails.erl.pw\/kontakt\/#breadcrumb"},"inLanguage":"en-GB","potentialAction":[{"@type":"ReadAction","target":["https:\/\/hair-nails.erl.pw\/kontakt\/"]}]},{"@type":"ImageObject","inLanguage":"en-GB","@id":"https:\/\/hair-nails.erl.pw\/kontakt\/#primaryimage","url":"https:\/\/hair-nails.erl.pw\/wp-content\/uploads\/2023\/11\/Kontakt.png","contentUrl":"https:\/\/hair-nails.erl.pw\/wp-content\/uploads\/2023\/11\/Kontakt.png","width":994,"height":612,"caption":"Map"},{"@type":"BreadcrumbList","@id":"https:\/\/hair-nails.erl.pw\/kontakt\/#breadcrumb","itemListElement":[{"@type":"ListItem","position":1,"name":"Home","item":"https:\/\/hair-nails.erl.pw\/"},{"@type":"ListItem","position":2,"name":"Kontakt"}]},{"@type":"WebSite","@id":"https:\/\/hair-nails.erl.pw\/#website","url":"https:\/\/hair-nails.erl.pw\/","name":"HAIR NAILS","description":"Beauty, cosmetic &amp; personal care","publisher":{"@id":"https:\/\/hair-nails.erl.pw\/#organization"},"potentialAction":[{"@type":"SearchAction","target":{"@type":"EntryPoint","urlTemplate":"https:\/\/hair-nails.erl.pw\/?s={search_term_string}"},"query-input":"required name=search_term_string"}],"inLanguage":"en-GB"},{"@type":"Organization","@id":"https:\/\/hair-nails.erl.pw\/#organization","name":"HAIR NAILS","url":"https:\/\/hair-nails.erl.pw\/","logo":{"@type":"ImageObject","inLanguage":"en-GB","@id":"https:\/\/hair-nails.erl.pw\/#\/schema\/logo\/image\/","url":"https:\/\/hair-nails.erl.pw\/wp-content\/uploads\/2023\/10\/Hair-Nails-Logo.jpeg","contentUrl":"https:\/\/hair-nails.erl.pw\/wp-content\/uploads\/2023\/10\/Hair-Nails-Logo.jpeg","width":425,"height":142,"caption":"HAIR NAILS"},"image":{"@id":"https:\/\/hair-nails.erl.pw\/#\/schema\/logo\/image\/"},"sameAs":["https:\/\/www.instagram.com\/hairnails_wien"]}]}},"_links":{"self":[{"href":"https:\/\/hair-nails.erl.pw\/en\/wp-json\/wp\/v2\/pages\/448","targetHints":{"allow":["GET"]}}],"collection":[{"href":"https:\/\/hair-nails.erl.pw\/en\/wp-json\/wp\/v2\/pages"}],"about":[{"href":"https:\/\/hair-nails.erl.pw\/en\/wp-json\/wp\/v2\/types\/page"}],"author":[{"embeddable":true,"href":"https:\/\/hair-nails.erl.pw\/en\/wp-json\/wp\/v2\/users\/1"}],"replies":[{"embeddable":true,"href":"https:\/\/hair-nails.erl.pw\/en\/wp-json\/wp\/v2\/comments?post=448"}],"version-history":[{"count":229,"href":"https:\/\/hair-nails.erl.pw\/en\/wp-json\/wp\/v2\/pages\/448\/revisions"}],"predecessor-version":[{"id":9310,"href":"https:\/\/hair-nails.erl.pw\/en\/wp-json\/wp\/v2\/pages\/448\/revisions\/9310"}],"wp:featuredmedia":[{"embeddable":true,"href":"https:\/\/hair-nails.erl.pw\/en\/wp-json\/wp\/v2\/media\/8218"}],"wp:attachment":[{"href":"https:\/\/hair-nails.erl.pw\/en\/wp-json\/wp\/v2\/media?parent=448"}],"curies":[{"name":"wp","href":"https:\/\/api.w.org\/{rel}","templated":true}]}}